{"id":1712,"date":"2024-02-26T11:58:36","date_gmt":"2024-02-26T11:58:36","guid":{"rendered":"https:\/\/esteticmon.es\/coneix-nos\/"},"modified":"2024-07-25T10:19:19","modified_gmt":"2024-07-25T10:19:19","slug":"coneix-nos","status":"publish","type":"page","link":"https:\/\/esteticmon.es\/ca\/coneix-nos\/","title":{"rendered":"Coneix-nos"},"content":{"rendered":"<section class=\"l-section wpb_row us_custom_be6222ed height_huge has_text_color\"><div class=\"l-section-h i-cf\"><div class=\"g-cols vc_row type_default valign_top\"><div class=\"vc_col-sm-12 wpb_column vc_column_container\"><div class=\"vc_column-inner\"><div class=\"wpb_wrapper\"><div class=\"wpb_text_column\" ><div class=\"wpb_wrapper\"><h1 style=\"font-size: 2.6rem;\">Coneix-nos<\/h1>\n<\/div><\/div><\/div><\/div><\/div><\/div><\/div><\/section><section class=\"l-section wpb_row height_small\"><div class=\"l-section-h i-cf\"><div class=\"g-cols vc_row type_default valign_middle\"><div class=\"vc_col-sm-12 wpb_column vc_column_container\"><div class=\"vc_column-inner\"><div class=\"wpb_wrapper\"><div class=\"wpb_text_column\" ><div class=\"wpb_wrapper\"><h2 style=\"text-align: center;\">Est\u00e8tic M\u00f3n. Cristina Serrano.<\/h2>\n<p style=\"text-align: center;\">Amb m\u00e9s de 18 anys d&#8217;experi\u00e8ncia en el m\u00f3n de l&#8217;est\u00e8tica i la bellesa, el 2023 vaig decidir llan\u00e7ar-me a l&#8217;aventura de l&#8217;emprenedoria adquirint l&#8217;espai Est\u00e8tic M\u00f3n de Banyoles. El benestar de les persones que entren en el centre \u00e9s per a mi i pel centre l&#8217;objectiu principal. Al llarg de la meva traject\u00f2ria he apr\u00e8s que la bellesa no sols resideix en els trets f\u00edsics, sin\u00f3 tamb\u00e9 en la confian\u00e7a i el benestar.<br \/>\nCrec fermament que una actitud positiva \u00e9s la clau per a superar qualsevol obstacle, \u00e9s per aix\u00f2 que m&#8217;agrada cuidar-me. Cada dia vaig al gimn\u00e0s per a refor\u00e7ar el meu comprom\u00eds amb el benestar, tamb\u00e9 procuro per la meva imatge i cuido l&#8217;alimentaci\u00f3. Unes pr\u00e0ctiques saludables que m&#8217;han emp\u00e8s a agafar el tim\u00f3 del meu propi dest\u00ed.<br \/>\nEn Est\u00e8tic M\u00f3n cuidem cada detall per a reflectir la nostra passi\u00f3 per l&#8217;est\u00e8tica integral, \u00e9s a dir tenim en compte tots els aspectes del cos i la ment per a aconseguir una aparen\u00e7a saludable i una sensaci\u00f3 de benestar general. Personalitzem cada tractament facial i corporal segons les necessitats i els objectius de cada persona que entra en el centre. Volem que se sentin com a casa.<br \/>\nSeleccionem els millors productes i tractaments per a oferir una experi\u00e8ncia \u00fanica i excepcional.<\/p>\n<\/div><\/div><div class=\"w-separator size_small\"><\/div><div class=\"w-grid type_grid layout_blog_1 cols_5 ratio_1x1\" id=\"us_grid_1\" data-filterable=\"true\"><style id=\"us_grid_1_css\">#us_grid_1 .w-grid-item{padding:1.5rem}#us_grid_1 .w-grid-list{margin:-1.5rem}.w-grid + #us_grid_1 .w-grid-list{margin-top:1.5rem}@media (max-width:1199px){#us_grid_1 .w-grid-item{width:33.3333%}#us_grid_1 .w-grid-item.size_2x1,#us_grid_1 .w-grid-item.size_2x2{width:66.6667%}}@media (max-width:899px){#us_grid_1 .w-grid-item{width:50.0000%}#us_grid_1 .w-grid-item.size_2x1,#us_grid_1 .w-grid-item.size_2x2{width:100.0000%}}@media (max-width:599px){#us_grid_1 .w-grid-list{margin:0}#us_grid_1 .w-grid-item{width:100.0000%;padding:0;margin-bottom:1.5rem}}#us_grid_1 .w-grid-item-h:before{padding-bottom:100.0000%}<\/style><style>.layout_blog_1 .w-grid-item-h:before{padding-bottom:100.0000%}@media (min-width:600px){.layout_blog_1 .w-grid-item.size_1x2 .w-grid-item-h:before{padding-bottom:calc(200.0000% + 1.5rem + 1.5rem)}.layout_blog_1 .w-grid-item.size_2x1 .w-grid-item-h:before{padding-bottom:calc(50.0000% - 1.5rem * 1.0000)}.layout_blog_1 .w-grid-item.size_2x2 .w-grid-item-h:before{padding-bottom:calc(100.0000% - 1.5rem * 0)}}.layout_blog_1 .w-grid-item-h{}.layout_blog_1 .usg_post_image_1{margin-bottom:0.5rem!important}.layout_blog_1 .usg_post_title_1{font-size:1rem!important}<\/style><div class=\"w-grid-list\" >\t<article class=\"w-grid-item post-1615 attachment type-attachment status-inherit hentry\" data-id=\"1615\">\r\n\t\t<div class=\"w-grid-item-h\">\r\n\t\t\t\t\t\t\t<a class=\"w-grid-item-anchor\" href=\"https:\/\/esteticmon.es\/wp-content\/uploads\/2021\/12\/ballancer-la-presoterapia-de-cincos-banner-450-1.png\" ref=\"magnificPopupGrid\" title=\"ballancer-la-presoterapia-de-cincos-banner-450\"><\/a>\r\n\t\t\t\t\t\t<div class=\"w-post-elm post_image usg_post_image_1 stretched\"><a href=\"https:\/\/esteticmon.es\/ca\/ballancer-la-presoterapia-de-cincos-banner-450-2-2\/\" aria-label=\"ballancer-la-presoterapia-de-cincos-banner-450\"><img loading=\"lazy\" decoding=\"async\" width=\"300\" height=\"300\" src=\"https:\/\/esteticmon.es\/wp-content\/uploads\/2021\/12\/ballancer-la-presoterapia-de-cincos-banner-450-1-300x300.png\" class=\"attachment-medium size-medium\" alt=\"\" srcset=\"https:\/\/esteticmon.es\/wp-content\/uploads\/2021\/12\/ballancer-la-presoterapia-de-cincos-banner-450-1-300x300.png 300w, https:\/\/esteticmon.es\/wp-content\/uploads\/2021\/12\/ballancer-la-presoterapia-de-cincos-banner-450-1-150x150.png 150w, https:\/\/esteticmon.es\/wp-content\/uploads\/2021\/12\/ballancer-la-presoterapia-de-cincos-banner-450-1.png 450w\" sizes=\"auto, (max-width: 300px) 100vw, 300px\" \/><\/a><\/div><h2 class=\"w-post-elm post_title usg_post_title_1 entry-title color_link_inherit\"><a href=\"https:\/\/esteticmon.es\/ca\/ballancer-la-presoterapia-de-cincos-banner-450-2-2\/\">ballancer-la-presoterapia-de-cincos-banner-450<\/a><\/h2>\t\t<\/div>\r\n\t<\/article>\r\n\t<article class=\"w-grid-item post-1578 attachment type-attachment status-inherit hentry\" data-id=\"1578\">\r\n\t\t<div class=\"w-grid-item-h\">\r\n\t\t\t\t\t\t\t<a class=\"w-grid-item-anchor\" href=\"https:\/\/esteticmon.es\/wp-content\/uploads\/2021\/11\/vco_horizontal_logo_notagline_2x.png\" ref=\"magnificPopupGrid\" title=\"vco_horizontal_logo_notagline_2x\"><\/a>\r\n\t\t\t\t\t\t<div class=\"w-post-elm post_image usg_post_image_1 stretched\"><a href=\"https:\/\/esteticmon.es\/ca\/vco_horizontal_logo_notagline_2x-2-2\/\" aria-label=\"vco_horizontal_logo_notagline_2x\"><img loading=\"lazy\" decoding=\"async\" width=\"300\" height=\"300\" src=\"https:\/\/esteticmon.es\/wp-content\/uploads\/2021\/11\/vco_horizontal_logo_notagline_2x-300x300.png\" class=\"attachment-medium size-medium\" alt=\"\" srcset=\"https:\/\/esteticmon.es\/wp-content\/uploads\/2021\/11\/vco_horizontal_logo_notagline_2x-300x300.png 300w, https:\/\/esteticmon.es\/wp-content\/uploads\/2021\/11\/vco_horizontal_logo_notagline_2x-150x150.png 150w, https:\/\/esteticmon.es\/wp-content\/uploads\/2021\/11\/vco_horizontal_logo_notagline_2x.png 520w\" sizes=\"auto, (max-width: 300px) 100vw, 300px\" \/><\/a><\/div><h2 class=\"w-post-elm post_title usg_post_title_1 entry-title color_link_inherit\"><a href=\"https:\/\/esteticmon.es\/ca\/vco_horizontal_logo_notagline_2x-2-2\/\">vco_horizontal_logo_notagline_2x<\/a><\/h2>\t\t<\/div>\r\n\t<\/article>\r\n\t<article class=\"w-grid-item post-1577 attachment type-attachment status-inherit hentry\" data-id=\"1577\">\r\n\t\t<div class=\"w-grid-item-h\">\r\n\t\t\t\t\t\t\t<a class=\"w-grid-item-anchor\" href=\"https:\/\/esteticmon.es\/wp-content\/uploads\/2021\/11\/natura-bisse-1.png\" ref=\"magnificPopupGrid\" title=\"natura-bisse\"><\/a>\r\n\t\t\t\t\t\t<div class=\"w-post-elm post_image usg_post_image_1 stretched\"><a href=\"https:\/\/esteticmon.es\/ca\/natura-bisse-3-2\/\" aria-label=\"natura-bisse\"><img loading=\"lazy\" decoding=\"async\" width=\"231\" height=\"231\" src=\"https:\/\/esteticmon.es\/wp-content\/uploads\/2021\/11\/natura-bisse-1.png\" class=\"attachment-medium size-medium\" alt=\"\" srcset=\"https:\/\/esteticmon.es\/wp-content\/uploads\/2021\/11\/natura-bisse-1.png 231w, https:\/\/esteticmon.es\/wp-content\/uploads\/2021\/11\/natura-bisse-1-150x150.png 150w\" sizes=\"auto, (max-width: 231px) 100vw, 231px\" \/><\/a><\/div><h2 class=\"w-post-elm post_title usg_post_title_1 entry-title color_link_inherit\"><a href=\"https:\/\/esteticmon.es\/ca\/natura-bisse-3-2\/\">natura-bisse<\/a><\/h2>\t\t<\/div>\r\n\t<\/article>\r\n\t<article class=\"w-grid-item post-1576 attachment type-attachment status-inherit hentry\" data-id=\"1576\">\r\n\t\t<div class=\"w-grid-item-h\">\r\n\t\t\t\t\t\t\t<a class=\"w-grid-item-anchor\" href=\"https:\/\/esteticmon.es\/wp-content\/uploads\/2021\/11\/logo-encoworld1-1.png\" ref=\"magnificPopupGrid\" title=\"logo-encoworld1\"><\/a>\r\n\t\t\t\t\t\t<div class=\"w-post-elm post_image usg_post_image_1 stretched\"><a href=\"https:\/\/esteticmon.es\/ca\/logo-encoworld1-2-2\/\" aria-label=\"logo-encoworld1\"><img loading=\"lazy\" decoding=\"async\" width=\"200\" height=\"200\" src=\"https:\/\/esteticmon.es\/wp-content\/uploads\/2021\/11\/logo-encoworld1-1.png\" class=\"attachment-medium size-medium\" alt=\"\" srcset=\"https:\/\/esteticmon.es\/wp-content\/uploads\/2021\/11\/logo-encoworld1-1.png 200w, https:\/\/esteticmon.es\/wp-content\/uploads\/2021\/11\/logo-encoworld1-1-150x150.png 150w\" sizes=\"auto, (max-width: 200px) 100vw, 200px\" \/><\/a><\/div><h2 class=\"w-post-elm post_title usg_post_title_1 entry-title color_link_inherit\"><a href=\"https:\/\/esteticmon.es\/ca\/logo-encoworld1-2-2\/\">logo-encoworld1<\/a><\/h2>\t\t<\/div>\r\n\t<\/article>\r\n\t<article class=\"w-grid-item post-1575 attachment type-attachment status-inherit hentry\" data-id=\"1575\">\r\n\t\t<div class=\"w-grid-item-h\">\r\n\t\t\t\t\t\t\t<a class=\"w-grid-item-anchor\" href=\"https:\/\/esteticmon.es\/wp-content\/uploads\/2021\/11\/germaine-de-capuccini-1.png\" ref=\"magnificPopupGrid\" title=\"germaine-de-capuccini\"><\/a>\r\n\t\t\t\t\t\t<div class=\"w-post-elm post_image usg_post_image_1 stretched\"><a href=\"https:\/\/esteticmon.es\/ca\/germaine-de-capuccini-2-2\/\" aria-label=\"germaine-de-capuccini\"><img loading=\"lazy\" decoding=\"async\" width=\"280\" height=\"280\" src=\"https:\/\/esteticmon.es\/wp-content\/uploads\/2021\/11\/germaine-de-capuccini-1.png\" class=\"attachment-medium size-medium\" alt=\"\" srcset=\"https:\/\/esteticmon.es\/wp-content\/uploads\/2021\/11\/germaine-de-capuccini-1.png 280w, https:\/\/esteticmon.es\/wp-content\/uploads\/2021\/11\/germaine-de-capuccini-1-150x150.png 150w\" sizes=\"auto, (max-width: 280px) 100vw, 280px\" \/><\/a><\/div><h2 class=\"w-post-elm post_title usg_post_title_1 entry-title color_link_inherit\"><a href=\"https:\/\/esteticmon.es\/ca\/germaine-de-capuccini-2-2\/\">germaine-de-capuccini<\/a><\/h2>\t\t<\/div>\r\n\t<\/article>\r\n<\/div><div class=\"w-grid-preloader\"><div class=\"g-preloader type_1\">\r\n\t<div><\/div>\r\n<\/div>\r\n<\/div>\t<div class=\"w-grid-json hidden\" onclick='return {&quot;action&quot;:&quot;us_ajax_grid&quot;,&quot;ajax_url&quot;:&quot;https:\\\/\\\/esteticmon.es\\\/wp-admin\\\/admin-ajax.php&quot;,&quot;infinite_scroll&quot;:0,&quot;max_num_pages&quot;:1,&quot;pagination&quot;:&quot;none&quot;,&quot;permalink_url&quot;:&quot;https:\\\/\\\/esteticmon.es\\\/ca\\\/wp-json\\\/wp\\\/v2\\\/pages\\\/1712\\\/&quot;,&quot;template_vars&quot;:{&quot;columns&quot;:&quot;5&quot;,&quot;exclude_items&quot;:&quot;none&quot;,&quot;img_size&quot;:&quot;medium&quot;,&quot;ignore_items_size&quot;:false,&quot;items_layout&quot;:&quot;blog_1&quot;,&quot;items_offset&quot;:&quot;1&quot;,&quot;load_animation&quot;:&quot;none&quot;,&quot;overriding_link&quot;:&quot;popup_post_image&quot;,&quot;post_id&quot;:1712,&quot;query_args&quot;:{&quot;post_type&quot;:[&quot;attachment&quot;],&quot;post__in&quot;:[&quot;847&quot;,&quot;848&quot;,&quot;849&quot;,&quot;850&quot;,&quot;978&quot;],&quot;post_status&quot;:&quot;inherit&quot;,&quot;post_mime_type&quot;:&quot;image&quot;,&quot;posts_per_page&quot;:&quot;10&quot;},&quot;orderby_query_args&quot;:{&quot;orderby&quot;:{&quot;date&quot;:&quot;DESC&quot;}},&quot;type&quot;:&quot;grid&quot;,&quot;us_grid_ajax_index&quot;:1,&quot;us_grid_filter_params&quot;:null,&quot;us_grid_index&quot;:1,&quot;_us_grid_post_type&quot;:&quot;attachment&quot;,&quot;lang&quot;:&quot;ca&quot;}}'><\/div>\r\n\t<\/div><div class=\"wpb_text_column\" ><div class=\"wpb_wrapper\"><h3 style=\"text-align: center;\">I molt m\u00e9s&#8230;<\/h3>\n<\/div><\/div><\/div><\/div><\/div><\/div><\/div><\/section><section class=\"l-section wpb_row height_medium\"><div class=\"l-section-h i-cf\"><div class=\"g-cols vc_row type_default valign_top\"><div class=\"vc_col-sm-12 wpb_column vc_column_container\"><div class=\"vc_column-inner\"><div class=\"wpb_wrapper\"><div class=\"wpb_text_column\" ><div class=\"wpb_wrapper\"><h2 style=\"text-align: center;\">Vols m\u00e9s informaci\u00f3?<\/h2>\n<p style=\"text-align: center;\">Contacta\u2019ns a trav\u00e9s del correu electr\u00f2nic, tel\u00e8fon o el formulari de contacte. Estarem encantades d\u2019ajudar-te!<\/p>\n<\/div><\/div><\/div><\/div><\/div><\/div><\/div><\/section><section class=\"l-section wpb_row height_medium\"><div class=\"l-section-h i-cf\"><div class=\"g-cols vc_row type_default valign_top\"><div class=\"vc_col-sm-4 wpb_column vc_column_container\"><div class=\"vc_column-inner\"><div class=\"wpb_wrapper\"><div class=\"w-iconbox iconpos_top style_circle color_custom align_center no_text\"><div class=\"w-iconbox-icon\" style=\"font-size:25px;background:#FAD5D4;color:#ffffff;\"><i class=\"fas fa-map-marker-alt\"><\/i><\/div><div class=\"w-iconbox-meta\"><p class=\"w-iconbox-title\">C\/ Colom, 1 (Banyoles)<\/p><\/div><\/div><\/div><\/div><\/div><div class=\"vc_col-sm-4 wpb_column vc_column_container\"><div class=\"vc_column-inner\"><div class=\"wpb_wrapper\"><div class=\"w-iconbox iconpos_top style_circle color_custom align_center no_text\"><div class=\"w-iconbox-icon\" style=\"font-size:25px;background:#FAD5D4;color:#ffffff;\"><i class=\"fas fa-mobile-alt\"><\/i><\/div><div class=\"w-iconbox-meta\"><p class=\"w-iconbox-title\">686 90 45 33<\/p><\/div><\/div><\/div><\/div><\/div><div class=\"vc_col-sm-4 wpb_column vc_column_container\"><div class=\"vc_column-inner\"><div class=\"wpb_wrapper\"><div class=\"w-iconbox iconpos_top style_circle color_custom align_center no_text\"><div class=\"w-iconbox-icon\" style=\"font-size:25px;background:#FAD5D4;color:var(--color-header-middle-bg);\"><i class=\"fas fa-envelope\"><\/i><\/div><div class=\"w-iconbox-meta\"><p class=\"w-iconbox-title\">esteticmon@hotmail.com<\/p><\/div><\/div><\/div><\/div><\/div><\/div><\/div><\/section><section class=\"l-section wpb_row height_medium\"><div class=\"l-section-h i-cf\"><div class=\"g-cols vc_row type_default valign_top\"><div class=\"vc_col-sm-6 wpb_column vc_column_container\"><div class=\"vc_column-inner\"><div class=\"wpb_wrapper\"><form class=\"w-form  layout_ver for_cform us_form_1\" autocomplete=\"off\" action=\"https:\/\/esteticmon.es\/ca\/wp-json\/wp\/v2\/pages\/1712\" method=\"post\"><div class=\"w-form-h\"><div class=\"w-form-row for_text has_label move_label required\">\r\n\t\t\t<div class=\"w-form-row-label\">\r\n\t\t\t<span>Nom y cognoms *<\/span>\r\n\t\t<\/div>\r\n\t\t<div class=\"w-form-row-field\">\r\n\t\t\t\t\t\t<input aria-label=\"Nom y cognoms\" type=\"text\" name=\"us_form_1_text_1\" value placeholder data-required=\"true\" aria-required=\"true\"\/>\r\n\t\t\t<\/div>\r\n\t\t<div class=\"w-form-row-state\">Fill out this field<\/div>\r\n<\/div>\r\n<div class=\"w-form-row for_email has_label move_label required\">\r\n\t\t\t<div class=\"w-form-row-label\">\r\n\t\t\t<span>Correu electr\u00f2nic *<\/span>\r\n\t\t<\/div>\r\n\t\t<div class=\"w-form-row-field\">\r\n\t\t\t\t\t\t<input aria-label=\"Correu electr\u00f2nic\" type=\"email\" name=\"us_form_1_email_1\" value placeholder data-required=\"true\" aria-required=\"true\"\/>\r\n\t\t\t<\/div>\r\n\t\t<div class=\"w-form-row-state\">Introdu\u00efu una adre\u00e7a electr\u00f2nica v\u00e0lida.<\/div>\r\n<\/div>\r\n<div class=\"w-form-row for_textarea has_label move_label required\">\r\n\t\t\t<div class=\"w-form-row-label\">\r\n\t\t\t<span>Missatge *<\/span>\r\n\t\t<\/div>\r\n\t\t<div class=\"w-form-row-field\">\r\n\t\t\t\t\t\t<textarea aria-label=\"Missatge\" name=\"us_form_1_textarea_1\" placeholder data-required=\"true\" aria-required=\"true\"><\/textarea>\r\n\t\t\t<\/div>\r\n\t\t<div class=\"w-form-row-state\">Fill out this field<\/div>\r\n<\/div>\r\n<input type=\"hidden\" name=\"action\" value=\"us_ajax_cform\" \/><input type=\"hidden\" name=\"post_id\" value \/><input type=\"hidden\" name=\"form_index\" value=\"1\" \/><div class=\"w-form-row for_submit align_default\">\r\n\t<div class=\"w-form-row-field\">\r\n\t\t\t\t<button class=\"w-btn  us-btn-style_1\" aria-label=\"Envia\" type=\"submit\">\r\n\t\t\t<span class=\"g-preloader type_1\"><\/span>\r\n\t\t\t\t\t\t<span class=\"w-btn-label\">Envia<\/span>\r\n\t\t\t\t\t<\/button>\r\n\t<\/div>\r\n<\/div><\/div><div class=\"w-form-message\"><\/div><div class=\"w-form-json hidden\" onclick='return {&quot;ajaxurl&quot;:&quot;https:\\\/\\\/esteticmon.es\\\/wp-admin\\\/admin-ajax.php&quot;}'><\/div><\/form><\/div><\/div><\/div><div class=\"vc_col-sm-6 wpb_column vc_column_container\"><div class=\"vc_column-inner\"><div class=\"wpb_wrapper\">[vc_raw_html]PGlmcmFtZSBzcmM9Imh0dHBzOi8vd3d3Lmdvb2dsZS5jb20vbWFwcy9lbWJlZD9wYj0hMW0xOCExbTEyITFtMyExZDI5NTkuNDU0NDI2NjI2MzM2NSEyZDIuNzYxMTMxMzE1MjQwMjk2ITNkNDIuMTE5MTUzOTU4MjczODYhMm0zITFmMCEyZjAhM2YwITNtMiExaTEwMjQhMmk3NjghNGYxMy4xITNtMyExbTIhMXMweDEyYmFjMjFjMDA5NmJmZjklM0EweGVhY2JmZDFmN2M1MTY2NGYhMnpSWE4wdzZoMGFXTWdUY096YmchNWUwITNtMiExc2VuITJzZXMhNHYxNjI2OTU1NzcyMzQzITVtMiExc2VuITJzZXMiIHdpZHRoPSI2MDAiIGhlaWdodD0iNDUwIiBzdHlsZT0iYm9yZGVyOjA7IiBhbGxvd2Z1bGxzY3JlZW49IiIgbG9hZGluZz0ibGF6eSI+PC9pZnJhbWU+[\/vc_raw_html]<\/div><\/div><\/div><\/div><\/div><\/section>\n","protected":false},"excerpt":{"rendered":"","protected":false},"author":1,"featured_media":0,"parent":0,"menu_order":0,"comment_status":"closed","ping_status":"closed","template":"","meta":{"_joinchat":[],"footnotes":""},"class_list":["post-1712","page","type-page","status-publish","hentry"],"yoast_head":"<!-- This site is optimized with the Yoast SEO plugin v25.0 - https:\/\/yoast.com\/wordpress\/plugins\/seo\/ -->\n<title>Coneix-nos - Estetic Mon<\/title>\n<meta name=\"robots\" content=\"index, follow, max-snippet:-1, max-image-preview:large, max-video-preview:-1\" \/>\n<link rel=\"canonical\" href=\"https:\/\/esteticmon.es\/conocenos\/\" \/>\n<meta property=\"og:locale\" content=\"ca_ES\" \/>\n<meta property=\"og:type\" content=\"article\" \/>\n<meta property=\"og:title\" content=\"Coneix-nos - Estetic Mon\" \/>\n<meta property=\"og:url\" content=\"https:\/\/esteticmon.es\/conocenos\/\" \/>\n<meta property=\"og:site_name\" content=\"Estetic Mon\" \/>\n<meta property=\"article:modified_time\" content=\"2024-07-25T10:19:19+00:00\" \/>\n<meta name=\"twitter:card\" content=\"summary_large_image\" \/>\n<meta name=\"twitter:label1\" content=\"Temps estimat de lectura\" \/>\n\t<meta name=\"twitter:data1\" content=\"3 minuts\" \/>\n<script type=\"application\/ld+json\" class=\"yoast-schema-graph\">{\"@context\":\"https:\/\/schema.org\",\"@graph\":[{\"@type\":\"WebPage\",\"@id\":\"https:\/\/esteticmon.es\/conocenos\/\",\"url\":\"https:\/\/esteticmon.es\/conocenos\/\",\"name\":\"Coneix-nos - Estetic Mon\",\"isPartOf\":{\"@id\":\"https:\/\/esteticmon.es\/#website\"},\"datePublished\":\"2024-02-26T11:58:36+00:00\",\"dateModified\":\"2024-07-25T10:19:19+00:00\",\"breadcrumb\":{\"@id\":\"https:\/\/esteticmon.es\/conocenos\/#breadcrumb\"},\"inLanguage\":\"ca\",\"potentialAction\":[{\"@type\":\"ReadAction\",\"target\":[\"https:\/\/esteticmon.es\/conocenos\/\"]}]},{\"@type\":\"BreadcrumbList\",\"@id\":\"https:\/\/esteticmon.es\/conocenos\/#breadcrumb\",\"itemListElement\":[{\"@type\":\"ListItem\",\"position\":1,\"name\":\"Portada\",\"item\":\"https:\/\/esteticmon.es\/ca\/home-test\/\"},{\"@type\":\"ListItem\",\"position\":2,\"name\":\"Coneix-nos\"}]},{\"@type\":\"WebSite\",\"@id\":\"https:\/\/esteticmon.es\/#website\",\"url\":\"https:\/\/esteticmon.es\/\",\"name\":\"Estetic Mon\",\"description\":\"Centro de medicina y est\u00e9tica\",\"publisher\":{\"@id\":\"https:\/\/esteticmon.es\/#organization\"},\"potentialAction\":[{\"@type\":\"SearchAction\",\"target\":{\"@type\":\"EntryPoint\",\"urlTemplate\":\"https:\/\/esteticmon.es\/?s={search_term_string}\"},\"query-input\":{\"@type\":\"PropertyValueSpecification\",\"valueRequired\":true,\"valueName\":\"search_term_string\"}}],\"inLanguage\":\"ca\"},{\"@type\":\"Organization\",\"@id\":\"https:\/\/esteticmon.es\/#organization\",\"name\":\"Estetic Mon\",\"url\":\"https:\/\/esteticmon.es\/\",\"logo\":{\"@type\":\"ImageObject\",\"inLanguage\":\"ca\",\"@id\":\"https:\/\/esteticmon.es\/#\/schema\/logo\/image\/\",\"url\":\"https:\/\/esteticmon.es\/wp-content\/uploads\/2024\/07\/estetic_mon_logo_rosa.png\",\"contentUrl\":\"https:\/\/esteticmon.es\/wp-content\/uploads\/2024\/07\/estetic_mon_logo_rosa.png\",\"width\":3001,\"height\":3001,\"caption\":\"Estetic Mon\"},\"image\":{\"@id\":\"https:\/\/esteticmon.es\/#\/schema\/logo\/image\/\"}}]}<\/script>\n<!-- \/ Yoast SEO plugin. -->","yoast_head_json":{"title":"Coneix-nos - Estetic Mon","robots":{"index":"index","follow":"follow","max-snippet":"max-snippet:-1","max-image-preview":"max-image-preview:large","max-video-preview":"max-video-preview:-1"},"canonical":"https:\/\/esteticmon.es\/conocenos\/","og_locale":"ca_ES","og_type":"article","og_title":"Coneix-nos - Estetic Mon","og_url":"https:\/\/esteticmon.es\/conocenos\/","og_site_name":"Estetic Mon","article_modified_time":"2024-07-25T10:19:19+00:00","twitter_card":"summary_large_image","twitter_misc":{"Temps estimat de lectura":"3 minuts"},"schema":{"@context":"https:\/\/schema.org","@graph":[{"@type":"WebPage","@id":"https:\/\/esteticmon.es\/conocenos\/","url":"https:\/\/esteticmon.es\/conocenos\/","name":"Coneix-nos - Estetic Mon","isPartOf":{"@id":"https:\/\/esteticmon.es\/#website"},"datePublished":"2024-02-26T11:58:36+00:00","dateModified":"2024-07-25T10:19:19+00:00","breadcrumb":{"@id":"https:\/\/esteticmon.es\/conocenos\/#breadcrumb"},"inLanguage":"ca","potentialAction":[{"@type":"ReadAction","target":["https:\/\/esteticmon.es\/conocenos\/"]}]},{"@type":"BreadcrumbList","@id":"https:\/\/esteticmon.es\/conocenos\/#breadcrumb","itemListElement":[{"@type":"ListItem","position":1,"name":"Portada","item":"https:\/\/esteticmon.es\/ca\/home-test\/"},{"@type":"ListItem","position":2,"name":"Coneix-nos"}]},{"@type":"WebSite","@id":"https:\/\/esteticmon.es\/#website","url":"https:\/\/esteticmon.es\/","name":"Estetic Mon","description":"Centro de medicina y est\u00e9tica","publisher":{"@id":"https:\/\/esteticmon.es\/#organization"},"potentialAction":[{"@type":"SearchAction","target":{"@type":"EntryPoint","urlTemplate":"https:\/\/esteticmon.es\/?s={search_term_string}"},"query-input":{"@type":"PropertyValueSpecification","valueRequired":true,"valueName":"search_term_string"}}],"inLanguage":"ca"},{"@type":"Organization","@id":"https:\/\/esteticmon.es\/#organization","name":"Estetic Mon","url":"https:\/\/esteticmon.es\/","logo":{"@type":"ImageObject","inLanguage":"ca","@id":"https:\/\/esteticmon.es\/#\/schema\/logo\/image\/","url":"https:\/\/esteticmon.es\/wp-content\/uploads\/2024\/07\/estetic_mon_logo_rosa.png","contentUrl":"https:\/\/esteticmon.es\/wp-content\/uploads\/2024\/07\/estetic_mon_logo_rosa.png","width":3001,"height":3001,"caption":"Estetic Mon"},"image":{"@id":"https:\/\/esteticmon.es\/#\/schema\/logo\/image\/"}}]}},"_links":{"self":[{"href":"https:\/\/esteticmon.es\/ca\/wp-json\/wp\/v2\/pages\/1712","targetHints":{"allow":["GET"]}}],"collection":[{"href":"https:\/\/esteticmon.es\/ca\/wp-json\/wp\/v2\/pages"}],"about":[{"href":"https:\/\/esteticmon.es\/ca\/wp-json\/wp\/v2\/types\/page"}],"author":[{"embeddable":true,"href":"https:\/\/esteticmon.es\/ca\/wp-json\/wp\/v2\/users\/1"}],"replies":[{"embeddable":true,"href":"https:\/\/esteticmon.es\/ca\/wp-json\/wp\/v2\/comments?post=1712"}],"version-history":[{"count":5,"href":"https:\/\/esteticmon.es\/ca\/wp-json\/wp\/v2\/pages\/1712\/revisions"}],"predecessor-version":[{"id":1818,"href":"https:\/\/esteticmon.es\/ca\/wp-json\/wp\/v2\/pages\/1712\/revisions\/1818"}],"wp:attachment":[{"href":"https:\/\/esteticmon.es\/ca\/wp-json\/wp\/v2\/media?parent=1712"}],"curies":[{"name":"wp","href":"https:\/\/api.w.org\/{rel}","templated":true}]}}