{"id":1750,"date":"2024-03-28T10:44:03","date_gmt":"2024-03-28T10:44:03","guid":{"rendered":"https:\/\/esteticmon.es\/demana-cita\/"},"modified":"2024-07-16T08:12:52","modified_gmt":"2024-07-16T08:12:52","slug":"demana-cita","status":"publish","type":"page","link":"https:\/\/esteticmon.es\/ca\/demana-cita\/","title":{"rendered":"Demana cita"},"content":{"rendered":"<section class=\"l-section wpb_row us_custom_be6222ed height_huge has_text_color\"><div class=\"l-section-h i-cf\"><div class=\"g-cols vc_row type_default valign_top\"><div class=\"vc_col-sm-12 wpb_column vc_column_container\"><div class=\"vc_column-inner\"><div class=\"wpb_wrapper\"><div class=\"wpb_text_column\" ><div class=\"wpb_wrapper\"><h1 style=\"font-size: 2.6rem;\">Demana cita<\/h1>\n<\/div><\/div><\/div><\/div><\/div><\/div><\/div><\/section><section class=\"l-section wpb_row height_medium\"><div class=\"l-section-h i-cf\"><div class=\"g-cols vc_row type_default valign_top\"><div class=\"vc_col-sm-4 wpb_column vc_column_container\"><div class=\"vc_column-inner\"><div class=\"wpb_wrapper\"><div class=\"w-iconbox iconpos_top style_circle color_custom align_center no_text\"><div class=\"w-iconbox-icon\" style=\"font-size:25px;background:#FAD5D4;color:#ffffff;\"><i class=\"fas fa-map-marker-alt\"><\/i><\/div><div class=\"w-iconbox-meta\"><p class=\"w-iconbox-title\">C\/ Colom, 1 (Banyoles)<\/p><\/div><\/div><\/div><\/div><\/div><div class=\"vc_col-sm-4 wpb_column vc_column_container\"><div class=\"vc_column-inner\"><div class=\"wpb_wrapper\"><div class=\"w-iconbox iconpos_top style_circle color_custom align_center no_text\"><div class=\"w-iconbox-icon\" style=\"font-size:25px;background:#FAD5D4;color:#ffffff;\"><i class=\"fas fa-mobile-alt\"><\/i><\/div><div class=\"w-iconbox-meta\"><p class=\"w-iconbox-title\">686 90 45 33<\/p><\/div><\/div><\/div><\/div><\/div><div class=\"vc_col-sm-4 wpb_column vc_column_container\"><div class=\"vc_column-inner\"><div class=\"wpb_wrapper\"><div class=\"w-iconbox iconpos_top style_circle color_custom align_center no_text\"><div class=\"w-iconbox-icon\" style=\"font-size:25px;background:#FAD5D4;color:var(--color-header-middle-bg);\"><i class=\"fas fa-envelope\"><\/i><\/div><div class=\"w-iconbox-meta\"><p class=\"w-iconbox-title\">esteticmon@hotmail.com<\/p><\/div><\/div><\/div><\/div><\/div><\/div><\/div><\/section><section class=\"l-section wpb_row height_medium\"><div class=\"l-section-h i-cf\"><div class=\"g-cols vc_row type_default valign_top\"><div class=\"vc_col-sm-6 wpb_column vc_column_container\"><div class=\"vc_column-inner\"><div class=\"wpb_wrapper\"><form class=\"w-form  layout_ver for_cform us_form_1\" autocomplete=\"off\" action=\"https:\/\/esteticmon.es\/ca\/wp-json\/wp\/v2\/pages\/1750\" method=\"post\"><div class=\"w-form-h\"><div class=\"w-form-row for_text has_label move_label required\">\r\n\t\t\t<div class=\"w-form-row-label\">\r\n\t\t\t<span>Nom i cognoms *<\/span>\r\n\t\t<\/div>\r\n\t\t<div class=\"w-form-row-field\">\r\n\t\t\t\t\t\t<input aria-label=\"Nom i cognoms\" type=\"text\" name=\"us_form_1_text_1\" value placeholder data-required=\"true\" aria-required=\"true\"\/>\r\n\t\t\t<\/div>\r\n\t\t<div class=\"w-form-row-state\">Fill out this field<\/div>\r\n<\/div>\r\n<div class=\"w-form-row for_email has_label move_label required\">\r\n\t\t\t<div class=\"w-form-row-label\">\r\n\t\t\t<span>Correu electr\u00f2nic *<\/span>\r\n\t\t<\/div>\r\n\t\t<div class=\"w-form-row-field\">\r\n\t\t\t\t\t\t<input aria-label=\"Correu electr\u00f2nic\" type=\"email\" name=\"us_form_1_email_1\" value placeholder data-required=\"true\" aria-required=\"true\"\/>\r\n\t\t\t<\/div>\r\n\t\t<div class=\"w-form-row-state\">Introdu\u00efu una adre\u00e7a electr\u00f2nica v\u00e0lida.<\/div>\r\n<\/div>\r\n<div class=\"w-form-row for_textarea has_label move_label required\">\r\n\t\t\t<div class=\"w-form-row-label\">\r\n\t\t\t<span>Missatge *<\/span>\r\n\t\t<\/div>\r\n\t\t<div class=\"w-form-row-field\">\r\n\t\t\t\t\t\t<textarea aria-label=\"Missatge\" name=\"us_form_1_textarea_1\" placeholder data-required=\"true\" aria-required=\"true\"><\/textarea>\r\n\t\t\t<\/div>\r\n\t\t<div class=\"w-form-row-state\">Fill out this field<\/div>\r\n<\/div>\r\n<input type=\"hidden\" name=\"action\" value=\"us_ajax_cform\" \/><input type=\"hidden\" name=\"post_id\" value \/><input type=\"hidden\" name=\"form_index\" value=\"1\" \/><div class=\"w-form-row for_submit align_default\">\r\n\t<div class=\"w-form-row-field\">\r\n\t\t\t\t<button class=\"w-btn  us-btn-style_1\" aria-label=\"Envia\" type=\"submit\">\r\n\t\t\t<span class=\"g-preloader type_1\"><\/span>\r\n\t\t\t\t\t\t<span class=\"w-btn-label\">Envia<\/span>\r\n\t\t\t\t\t<\/button>\r\n\t<\/div>\r\n<\/div><\/div><div class=\"w-form-message\"><\/div><div class=\"w-form-json hidden\" onclick='return {&quot;ajaxurl&quot;:&quot;https:\\\/\\\/esteticmon.es\\\/wp-admin\\\/admin-ajax.php&quot;}'><\/div><\/form><\/div><\/div><\/div><div class=\"vc_col-sm-6 wpb_column vc_column_container\"><div class=\"vc_column-inner\"><div class=\"wpb_wrapper\">[vc_raw_html]PGlmcmFtZSBzcmM9Imh0dHBzOi8vd3d3Lmdvb2dsZS5jb20vbWFwcy9lbWJlZD9wYj0hMW0xOCExbTEyITFtMyExZDI5NTkuNDU0NDI2NjI2MzM2NSEyZDIuNzYxMTMxMzE1MjQwMjk2ITNkNDIuMTE5MTUzOTU4MjczODYhMm0zITFmMCEyZjAhM2YwITNtMiExaTEwMjQhMmk3NjghNGYxMy4xITNtMyExbTIhMXMweDEyYmFjMjFjMDA5NmJmZjklM0EweGVhY2JmZDFmN2M1MTY2NGYhMnpSWE4wdzZoMGFXTWdUY096YmchNWUwITNtMiExc2VuITJzZXMhNHYxNjI2OTU1NzcyMzQzITVtMiExc2VuITJzZXMiIHdpZHRoPSI2MDAiIGhlaWdodD0iNDUwIiBzdHlsZT0iYm9yZGVyOjA7IiBhbGxvd2Z1bGxzY3JlZW49IiIgbG9hZGluZz0ibGF6eSI+PC9pZnJhbWU+[\/vc_raw_html]<\/div><\/div><\/div><\/div><\/div><\/section>\n","protected":false},"excerpt":{"rendered":"Demana cita C\/ Colom, 1 (Banyoles)686 90 45 33esteticmon@hotmail.com Nom i cognoms * Fill out this field Correu electr\u00f2nic * Introdu\u00efu una adre\u00e7a electr\u00f2nica v\u00e0lida. Missatge * Fill out this field Envia [vc_raw_html]PGlmcmFtZSBzcmM9Imh0dHBzOi8vd3d3Lmdvb2dsZS5jb20vbWFwcy9lbWJlZD9wYj0hMW0xOCExbTEyITFtMyExZDI5NTkuNDU0NDI2NjI2MzM2NSEyZDIuNzYxMTMxMzE1MjQwMjk2ITNkNDIuMTE5MTUzOTU4MjczODYhMm0zITFmMCEyZjAhM2YwITNtMiExaTEwMjQhMmk3NjghNGYxMy4xITNtMyExbTIhMXMweDEyYmFjMjFjMDA5NmJmZjklM0EweGVhY2JmZDFmN2M1MTY2NGYhMnpSWE4wdzZoMGFXTWdUY096YmchNWUwITNtMiExc2VuITJzZXMhNHYxNjI2OTU1NzcyMzQzITVtMiExc2VuITJzZXMiIHdpZHRoPSI2MDAiIGhlaWdodD0iNDUwIiBzdHlsZT0iYm9yZGVyOjA7IiBhbGxvd2Z1bGxzY3JlZW49IiIgbG9hZGluZz0ibGF6eSI+PC9pZnJhbWU+[\/vc_raw_html]","protected":false},"author":1,"featured_media":0,"parent":0,"menu_order":0,"comment_status":"closed","ping_status":"closed","template":"","meta":{"_joinchat":[],"footnotes":""},"class_list":["post-1750","page","type-page","status-publish","hentry"],"yoast_head":"<!-- This site is optimized with the Yoast SEO plugin v25.0 - https:\/\/yoast.com\/wordpress\/plugins\/seo\/ -->\n<title>Demana cita - Estetic Mon<\/title>\n<meta name=\"robots\" content=\"index, follow, max-snippet:-1, max-image-preview:large, max-video-preview:-1\" \/>\n<link rel=\"canonical\" href=\"https:\/\/esteticmon.es\/ca\/demana-cita\/\" \/>\n<meta property=\"og:locale\" content=\"ca_ES\" \/>\n<meta property=\"og:type\" content=\"article\" \/>\n<meta property=\"og:title\" content=\"Demana cita - Estetic Mon\" \/>\n<meta property=\"og:url\" content=\"https:\/\/esteticmon.es\/ca\/demana-cita\/\" \/>\n<meta property=\"og:site_name\" content=\"Estetic Mon\" \/>\n<meta property=\"article:modified_time\" content=\"2024-07-16T08:12:52+00:00\" \/>\n<meta name=\"twitter:card\" content=\"summary_large_image\" \/>\n<meta name=\"twitter:label1\" content=\"Temps estimat de lectura\" \/>\n\t<meta name=\"twitter:data1\" content=\"2 minuts\" \/>\n<script type=\"application\/ld+json\" class=\"yoast-schema-graph\">{\"@context\":\"https:\/\/schema.org\",\"@graph\":[{\"@type\":\"WebPage\",\"@id\":\"https:\/\/esteticmon.es\/ca\/demana-cita\/\",\"url\":\"https:\/\/esteticmon.es\/ca\/demana-cita\/\",\"name\":\"Demana cita - Estetic Mon\",\"isPartOf\":{\"@id\":\"https:\/\/esteticmon.es\/#website\"},\"datePublished\":\"2024-03-28T10:44:03+00:00\",\"dateModified\":\"2024-07-16T08:12:52+00:00\",\"breadcrumb\":{\"@id\":\"https:\/\/esteticmon.es\/ca\/demana-cita\/#breadcrumb\"},\"inLanguage\":\"ca\",\"potentialAction\":[{\"@type\":\"ReadAction\",\"target\":[\"https:\/\/esteticmon.es\/ca\/demana-cita\/\"]}]},{\"@type\":\"BreadcrumbList\",\"@id\":\"https:\/\/esteticmon.es\/ca\/demana-cita\/#breadcrumb\",\"itemListElement\":[{\"@type\":\"ListItem\",\"position\":1,\"name\":\"Portada\",\"item\":\"https:\/\/esteticmon.es\/ca\/home-test\/\"},{\"@type\":\"ListItem\",\"position\":2,\"name\":\"Demana cita\"}]},{\"@type\":\"WebSite\",\"@id\":\"https:\/\/esteticmon.es\/#website\",\"url\":\"https:\/\/esteticmon.es\/\",\"name\":\"Estetic Mon\",\"description\":\"Centro de medicina y est\u00e9tica\",\"publisher\":{\"@id\":\"https:\/\/esteticmon.es\/#organization\"},\"potentialAction\":[{\"@type\":\"SearchAction\",\"target\":{\"@type\":\"EntryPoint\",\"urlTemplate\":\"https:\/\/esteticmon.es\/?s={search_term_string}\"},\"query-input\":{\"@type\":\"PropertyValueSpecification\",\"valueRequired\":true,\"valueName\":\"search_term_string\"}}],\"inLanguage\":\"ca\"},{\"@type\":\"Organization\",\"@id\":\"https:\/\/esteticmon.es\/#organization\",\"name\":\"Estetic Mon\",\"url\":\"https:\/\/esteticmon.es\/\",\"logo\":{\"@type\":\"ImageObject\",\"inLanguage\":\"ca\",\"@id\":\"https:\/\/esteticmon.es\/#\/schema\/logo\/image\/\",\"url\":\"https:\/\/esteticmon.es\/wp-content\/uploads\/2024\/07\/estetic_mon_logo_rosa.png\",\"contentUrl\":\"https:\/\/esteticmon.es\/wp-content\/uploads\/2024\/07\/estetic_mon_logo_rosa.png\",\"width\":3001,\"height\":3001,\"caption\":\"Estetic Mon\"},\"image\":{\"@id\":\"https:\/\/esteticmon.es\/#\/schema\/logo\/image\/\"}}]}<\/script>\n<!-- \/ Yoast SEO plugin. -->","yoast_head_json":{"title":"Demana cita - Estetic Mon","robots":{"index":"index","follow":"follow","max-snippet":"max-snippet:-1","max-image-preview":"max-image-preview:large","max-video-preview":"max-video-preview:-1"},"canonical":"https:\/\/esteticmon.es\/ca\/demana-cita\/","og_locale":"ca_ES","og_type":"article","og_title":"Demana cita - Estetic Mon","og_url":"https:\/\/esteticmon.es\/ca\/demana-cita\/","og_site_name":"Estetic Mon","article_modified_time":"2024-07-16T08:12:52+00:00","twitter_card":"summary_large_image","twitter_misc":{"Temps estimat de lectura":"2 minuts"},"schema":{"@context":"https:\/\/schema.org","@graph":[{"@type":"WebPage","@id":"https:\/\/esteticmon.es\/ca\/demana-cita\/","url":"https:\/\/esteticmon.es\/ca\/demana-cita\/","name":"Demana cita - Estetic Mon","isPartOf":{"@id":"https:\/\/esteticmon.es\/#website"},"datePublished":"2024-03-28T10:44:03+00:00","dateModified":"2024-07-16T08:12:52+00:00","breadcrumb":{"@id":"https:\/\/esteticmon.es\/ca\/demana-cita\/#breadcrumb"},"inLanguage":"ca","potentialAction":[{"@type":"ReadAction","target":["https:\/\/esteticmon.es\/ca\/demana-cita\/"]}]},{"@type":"BreadcrumbList","@id":"https:\/\/esteticmon.es\/ca\/demana-cita\/#breadcrumb","itemListElement":[{"@type":"ListItem","position":1,"name":"Portada","item":"https:\/\/esteticmon.es\/ca\/home-test\/"},{"@type":"ListItem","position":2,"name":"Demana cita"}]},{"@type":"WebSite","@id":"https:\/\/esteticmon.es\/#website","url":"https:\/\/esteticmon.es\/","name":"Estetic Mon","description":"Centro de medicina y est\u00e9tica","publisher":{"@id":"https:\/\/esteticmon.es\/#organization"},"potentialAction":[{"@type":"SearchAction","target":{"@type":"EntryPoint","urlTemplate":"https:\/\/esteticmon.es\/?s={search_term_string}"},"query-input":{"@type":"PropertyValueSpecification","valueRequired":true,"valueName":"search_term_string"}}],"inLanguage":"ca"},{"@type":"Organization","@id":"https:\/\/esteticmon.es\/#organization","name":"Estetic Mon","url":"https:\/\/esteticmon.es\/","logo":{"@type":"ImageObject","inLanguage":"ca","@id":"https:\/\/esteticmon.es\/#\/schema\/logo\/image\/","url":"https:\/\/esteticmon.es\/wp-content\/uploads\/2024\/07\/estetic_mon_logo_rosa.png","contentUrl":"https:\/\/esteticmon.es\/wp-content\/uploads\/2024\/07\/estetic_mon_logo_rosa.png","width":3001,"height":3001,"caption":"Estetic Mon"},"image":{"@id":"https:\/\/esteticmon.es\/#\/schema\/logo\/image\/"}}]}},"_links":{"self":[{"href":"https:\/\/esteticmon.es\/ca\/wp-json\/wp\/v2\/pages\/1750","targetHints":{"allow":["GET"]}}],"collection":[{"href":"https:\/\/esteticmon.es\/ca\/wp-json\/wp\/v2\/pages"}],"about":[{"href":"https:\/\/esteticmon.es\/ca\/wp-json\/wp\/v2\/types\/page"}],"author":[{"embeddable":true,"href":"https:\/\/esteticmon.es\/ca\/wp-json\/wp\/v2\/users\/1"}],"replies":[{"embeddable":true,"href":"https:\/\/esteticmon.es\/ca\/wp-json\/wp\/v2\/comments?post=1750"}],"version-history":[{"count":2,"href":"https:\/\/esteticmon.es\/ca\/wp-json\/wp\/v2\/pages\/1750\/revisions"}],"predecessor-version":[{"id":1752,"href":"https:\/\/esteticmon.es\/ca\/wp-json\/wp\/v2\/pages\/1750\/revisions\/1752"}],"wp:attachment":[{"href":"https:\/\/esteticmon.es\/ca\/wp-json\/wp\/v2\/media?parent=1750"}],"curies":[{"name":"wp","href":"https:\/\/api.w.org\/{rel}","templated":true}]}}