{"id":1758,"date":"2021-08-03T07:11:25","date_gmt":"2021-08-03T07:11:25","guid":{"rendered":"https:\/\/esteticmon.es\/politica-de-privacitat\/"},"modified":"2024-07-18T07:24:02","modified_gmt":"2024-07-18T07:24:02","slug":"politica-de-privacitat","status":"publish","type":"page","link":"https:\/\/esteticmon.es\/ca\/politica-de-privacitat\/","title":{"rendered":"Pol\u00edtica de privacitat"},"content":{"rendered":"<h1><strong>Pol\u00edtica de privadesa<\/strong><\/h1>\n<p>Aquesta Pol\u00edtica de privadesa de CRISTINA SERRANO ABAD regula l&#8217;obtenci\u00f3, utilitzaci\u00f3 i altres formes de processament de dades personals facilitades pels Usuaris a la present web oa qualsevol dels entorns d&#8217;Internet de l&#8217;entitat.<\/p>\n<p>Els usuaris accepten la inclusi\u00f3 i el tractament de les dades que proporcionin en un tractament de dades de car\u00e0cter personal, del qual \u00e9s titular CRISTINA SERRANO ABAD podent-se exercir els drets pertinents segons el que exposen les cl\u00e0usules seg\u00fcents.<\/p>\n<p>Tots els textos legals es troben a disposici\u00f3 dels usuaris i\/o interessats a la corresponent web. Aquests textos podran ser modificats i\/o actualitzats segons les necessitats i activitats dutes a terme per CRISTINA SERRANO ABAD<\/p>\n<p>CRISTINA SERRANO ABAD<\/p>\n<p>41551456R<\/p>\n<p>C\/ Colom 1r 1a<\/p>\n<p>17820 Banyoles &#8211; Girona<\/p>\n<h5><strong><\/strong><strong>Qui<\/strong><strong>\u00e9<\/strong><strong>n \u00e9s responsable del tractament de les vostres dades?<\/strong><\/h5>\n<p>CRISTINA SERRANO ABAD \u00e9s la persona jur\u00eddica responsable de la recollida i processament de les seves dades personals en relaci\u00f3 amb els serveis que aquesta presta.<\/p>\n<p>CRISTINA SERRANO ABAD es compromet a respectar i salvaguardar la seva privadesa i la seguretat de les seves dades.<\/p>\n<h5><strong>Amb qu\u00e8<\/strong><strong>\u00e9 <\/strong><strong>finalitat\/s recopilem les vostres dades?<\/strong><\/h5>\n<p>D&#8217;acord amb el que disposa la normativa vigent, CRISTINA SERRANO ABAD nom\u00e9s recull les dades estrictament necess\u00e0ries per oferir els serveis derivats de la seva activitat i altres prestacions, gestions i activitats atribu\u00efdes per la Llei.<\/p>\n<p>A la present web, nom\u00e9s es tracten dades de contacte, facilitades pels Usuaris. Les dades que es poden demanar de lusuari seran tractades amb la finalitat de mantenir una relaci\u00f3 comercial amb lUsuari. Les operacions previstes per realitzar el tractament s\u00f3n:<\/p>\n<ul>\n<li>Remissi\u00f3 de comunicacions comercials publicit\u00e0ries per email, fax, SMS, MMS, comunitats socials o qualsevol altre mitj\u00e0 electr\u00f2nic o f\u00edsic, present o futur, que possibiliti fer comunicacions comercials. Aquestes comunicacions seran realitzades pel RESPONSABLE i relacionades sobre els seus productes i serveis, o dels seus col\u00b7laboradors o prove\u00efdors amb qu\u00e8 aquest hagi assolit algun acord de promoci\u00f3. En aquest cas, els tercers mai no tindran acc\u00e9s a les dades personals.<br \/>\n\u2022\u00a0 Realitzar estudis estad\u00edstics.<br \/>\n\u2022 Tramitar enc\u00e0rrecs, sol\u00b7licituds o qualsevol altre tipus de petici\u00f3 que sigui realitzada per l&#8217;usuari a trav\u00e9s de qualsevol de les formes de contacte que es posen a la vostra disposici\u00f3.<br \/>\n\u2022 Remetre el butllet\u00ed de not\u00edcies de la p\u00e0gina web.<br \/>\n\u2022\u00a0 Gesti\u00f3 del proc\u00e9s de selecci\u00f3 de candidats.<br \/>\n\u2022\u00a0 Gestionar correctament l&#8217;acc\u00e9s a les nostres instal\u00b7lacions i proporcionar la major seguretat de b\u00e9ns i persones possible (CCTV).<br \/>\n\u2022 Investigar i esbrinar l&#8217;efic\u00e0cia dels productes amb qu\u00e8 col\u00b7laborem.<br \/>\n\u2022\u00a0 Dur a terme una adequada avaluaci\u00f3 de les cures de la seva pell, present i futura.<br \/>\n\u2022\u00a0 Realitzaci\u00f3 de test cosm\u00e8tics.<br \/>\n\u2022\u00a0 Prestaci\u00f3 de serveis contractuals o precontractuals.<\/li>\n<\/ul>\n<p>Criteris de conservaci\u00f3 de les dades: es conservaran mentre hi hagi un inter\u00e8s mutu per mantenir la fi del tractament i quan ja no sigui necessari amb aquesta finalitat, se suprimiran amb mesures de seguretat adequades per garantir la pseudonimitzaci\u00f3 de les dades o la destrucci\u00f3 total de les dades mateixos.<\/p>\n<h5><strong>Durant quant de temps conservem les vostres dades personals?<\/strong><\/h5>\n<p>Les dades personals seran conservades mentre l&#8217;usuari no manifesti el contrari i pels terminis de conservaci\u00f3 legalment establerts, llevat que per motius l\u00f2gics i evidents hagin perdut la utilitat o finalitat leg\u00edtima per a la qual van ser captats.<\/p>\n<p>En el cas de dades personals obtingudes en el marc duna relaci\u00f3 empresa-treballador, aquestes seran conservades per un termini no superior a 5 anys una vegada finalitzada la relaci\u00f3 laboral.<\/p>\n<h5><strong><\/strong><strong>A qu\u00e8<\/strong><strong>\u00e9 <\/strong><strong>destinataris es comunicaran les vostres dades?<\/strong><\/h5>\n<p>No es comunicaran les dades a tercers, tret d&#8217;obligaci\u00f3 legal.<\/p>\n<p>CRISTINA SERRANO ABAD col\u00b7laborar\u00e0 perqu\u00e8 els tercers compleixin amb la legislaci\u00f3 vigent, si b\u00e9 la responsabilitat ser\u00e0 exigible als tercers esmentats.<\/p>\n<p>CRISTINA SERRANO ABAD no ven, lloga o cedeix les dades personals dels usuaris d\u02bbaquesta web, a excepci\u00f3 del cas que sigui necessari per a la pr\u00f2pia prestaci\u00f3 del servei.<\/p>\n<p>La web posseeix enlla\u00e7os, aplicacions o funcionalitats compartides amb tercers, com s\u00f3n xarxes socials o sistemes de comunicaci\u00f3 en l\u00ednia, CRISTINA SERRANO ABAD, no es fa responsable de les informacions que es recullin en aquestes aplicacions, funcionalitats o xarxes socials titularitat de tercers al no tenir cap capacitat de gesti\u00f3 ni control sobre aquestes, sent per tant daplicaci\u00f3 els avisos legals i les pol\u00edtiques de privadesa que poguessin constar en els llocs web o similars dels tercers.<\/p>\n<h5><strong>Quins s\u00f3n els drets dels Usuaris que ens faciliten les vostres dades?<\/strong><\/h5>\n<p>Els Usuaris podran exercitar, respecte de les dades recollides en la forma descrita al punt primer, els drets reconeguts al Reglament (UE) 2016\/679 del Parlament Europeu i del Consell de 27 d&#8217;abril de 2016 relatiu a la protecci\u00f3 de les persones f\u00edsiques pel que fa al tractament de dades personals ia la lliure circulaci\u00f3 d&#8217;aquestes dades i pel qual es deroga la Directiva 95\/46\/CE (Reglament general de protecci\u00f3 de dades), la Llei Org\u00e0nica 3\/2018 de 5 de desembre, de protecci\u00f3 de dades personals i garantia dels drets digitals, i en particular els drets de portabilitat, acc\u00e9s, rectificaci\u00f3, supressi\u00f3 i limitaci\u00f3 al tractament.<\/p>\n<p>Els drets referits al par\u00e0graf precedent podran exercir-se per cada Usuari mitjan\u00e7ant sol\u00b7licitud escrita i signada, acompanyada de fotoc\u00f2pia de DNI o Passaport, dirigida a la seg\u00fcent adre\u00e7a:<\/p>\n<p>CRISTINA SERRANO ABAD<\/p>\n<p>41551456R<\/p>\n<p>C\/ Colom 1r 1a<\/p>\n<p>17820 Banyoles &#8211; Girona<\/p>\n<p>Aix\u00ed mateix, es fa saber als Usuaris que poden retirar el consentiment per al tractament de les seves dades en qualsevol moment, aix\u00ed com presentar reclamaci\u00f3 davant de l&#8217;Autoritat de Control (Ag\u00e8ncia Espanyola de Protecci\u00f3 de Dades) de considerar-ho oport\u00fa.<\/p>\n<ul>\n<li><strong>COMUNICACI\u00d3<\/strong><strong>N D&#8217;INCID\u00c8NCIES I IRREGULARITATS<\/strong><\/li>\n<\/ul>\n<p>En cas d&#8217;existir alguna conducta o situaci\u00f3 que pogu\u00e9s ser susceptible de generar una incid\u00e8ncia o irregularitat de qualsevol classe, es prega contactar amb:<\/p>\n<p>CRISTINA SERRANO ABAD<\/p>\n<p>41551456R<\/p>\n<p>C\/ Colom 1r 1a<\/p>\n<p>17820 Banyoles &#8211; Girona<\/p>\n<ul>\n<li><strong>COMPROM\u00cdS DE L&#8217;USUARI PERQU\u00c8 LES SEVES DADES EST<\/strong><strong>\u00c9<\/strong><strong>N INSCRITS EN UN TRACTAMENT<\/strong><\/li>\n<\/ul>\n<p>CRISTINA SERRANO ABAD recomana que, abans d&#8217;introduir les dades en algun o alguns dels fulls de captaci\u00f3 de dades d&#8217;aquesta p\u00e0gina web, es llegeixin detingudament l&#8217;av\u00eds legal, la pol\u00edtica de cookies i la pol\u00edtica de privadesa.<\/p>\n<p>En tot cas, l&#8217;usuari \u00e9s el responsable de l&#8217;autenticitat de les dades aportades, que siguin exactes, actuals i completes per a la finalitat que siguin aportades, assumint la responsabilitat dels danys i perjudicis, tant per lucre cessant com per dany emergent, que es poguessin generar per aquestes inexactituds o falsedats. En tot cas, si les dades aportades als formularis corresponents fossin titular d&#8217;un tercer, l&#8217;usuari es fa responsable de la correcta captaci\u00f3 del consentiment i informaci\u00f3 al tercer sobre els aspectes reflectits en aquest av\u00eds legal i pol\u00edtiques de privadesa.<\/p>\n<ul>\n<li><strong>RESPONSABILITAT DELS USUARIS PER \u00daS I CONTINGUT<\/strong><\/li>\n<\/ul>\n<p>Tant l&#8217;acc\u00e9s als llocs web com l&#8217;\u00fas que es pugui fer de la informaci\u00f3 i els continguts inclosos en aquests, ser\u00e0 de responsabilitat exclusiva de qui ho faci. Per tant, l&#8217;\u00fas que es pugui fer de la informaci\u00f3, imatges, continguts i\/o productes ressenyats i accessibles a trav\u00e9s d&#8217;aquest, estar\u00e0 supeditada a la legalitat, sigui nacional o internacional, aplicable, aix\u00ed com als principis de bona fe i \u00fas l\u00edcit per part dels Usuaris, els quals seran enterament responsables d&#8217;aquest acc\u00e9s i \u00fas correcte. Els Usuaris estaran obligats a fer un \u00fas raonable dels serveis o continguts, sota el principi de bona fe i amb respecte a la legalitat vigent, a la moral, a l&#8217;ordre p\u00fablic, als bons costums, als drets de tercers o del propi CRISTINA SERRANO ABAD tot aix\u00f2 segons les possibilitats i fins per als que estan concebuts. CRISTINA SERRANO ABAD no assumeix responsabilitats, ja siguin directes o indirectes, per dany emergent o lucre cessant, derivades del mal \u00fas dels serveis o continguts realitzat pels usuaris o tercers.<\/p>\n<ul>\n<li><strong>INFORMACI<\/strong><strong>\u00d3 LSSI-CE<\/strong><\/li>\n<\/ul>\n<p>En compliment del deure informaci\u00f3 contemplat a l&#8217;article 10 de la vigent Llei 34\/2002, d&#8217;11 de juliol, de Serveis de la Societat de la Informaci\u00f3 i de Comer\u00e7 Electr\u00f2nic, us comuniquem que la dinamitzadora i gestora de continguts de la web on pot descarregar diferents aplicacions i\/o informacions \u00e9s\u00a0CRISTINA SERRANO ABAD amb domicili al C\/ COLOM 1R 1A, 17820 BANYOLES i amb la gesti\u00f3 del domini d&#8217;Internet https:\/\/www.esteticmon.es\/ inscrit al registre corresponent, atenent a comunicacions dels usuaris i\/o interessats a trav\u00e9s de l&#8217;e-mail hola@esteticmon.es<\/p>\n<p>Qualsevol altra activitat comercial, mercantil, administrativa o de contractaci\u00f3 de b\u00e9ns i\/o serveis \u00e9s responsabilitat de la societat esmentada anteriorment, propiet\u00e0ria daquest domini.<\/p>\n<ul>\n<li><strong>INFORMACI<\/strong><strong>\u00d3 SOBRE L&#8217;\u00daS D&#8217;ALTRES WEBS I XARXES SOCIALS<\/strong><\/li>\n<\/ul>\n<p>L&#8217;empresa nom\u00e9s es fa responsable dels continguts i de la gesti\u00f3 de les p\u00e0gines web de la qual sigui ella el titular o ostenti un dret de naturalesa an\u00e0loga. Qualsevol altra p\u00e0gina web o xarxa social o repositori d&#8217;informaci\u00f3 a Internet, fora de la present web, \u00e9s responsabilitat dels titulars leg\u00edtims.<\/p>\n<p>CRISTINA SERRANO ABAD col\u00b7labora de forma ordin\u00e0ria amb diferents aplicacions i entorns web, i sempre recomana a tots els usuaris que abans d&#8217;accedir a aquests entorns web llegeixin atentament els corresponents avisos legals i pol\u00edtiques de privadesa, i que nom\u00e9s hi accedeixin un cop hagin compr\u00e8s i acceptat \u00edntegrament aquest text legal.<\/p>\n<ul>\n<li><strong>CAR<\/strong><strong>\u00c1<\/strong><strong>CTER OBLIGATORI O FACULTATIU DE LA INFORMACI<\/strong><strong>\u00d3 FACILITADA PER L&#8217;USUARI<\/strong><\/li>\n<\/ul>\n<p>Els Usuaris, mitjan\u00e7ant la marcaci\u00f3 de les caselles corresponents i entrada de dades als camps, marcats amb un asterisc (*) al formulari de contacte o presentats en formularis de desc\u00e0rrega, accepten expressament i de forma lliure i inequ\u00edvoca, que les seves dades s\u00f3n necessaris per atendre la seva petici\u00f3, per part del prestador, i \u00e9s volunt\u00e0ria la inclusi\u00f3 de dades en els camps restants. L&#8217;Usuari garanteix que les dades personals facilitades al RESPONSABLE s\u00f3n veraces i es fa responsable de comunicar-ne qualsevol modificaci\u00f3.<\/p>\n<p>El RESPONSABLE informa i garanteix expressament als usuaris que les seves dades personals no seran cedides en cap cas a tercers, i que sempre que realitz\u00e9s algun tipus de cessi\u00f3 de dades personals, es demanar\u00e0 pr\u00e8viament el consentiment expr\u00e9s, informat i inequ\u00edvoc per part dels usuaris. Totes les dades sol\u00b7licitades a trav\u00e9s del lloc web s\u00f3n obligat\u00f2ries, ja que s\u00f3n necess\u00e0ries per a la prestaci\u00f3 d&#8217;un servei \u00f2ptim a l&#8217;usuari. En cas que no siguin facilitades totes les dades, no es garanteix que la informaci\u00f3 i els serveis facilitats siguin completament ajustats a les seves necessitats.<\/p>\n","protected":false},"excerpt":{"rendered":"<p>Pol\u00edtica de privadesa Aquesta Pol\u00edtica de privadesa de CRISTINA SERRANO ABAD regula l&#8217;obtenci\u00f3, utilitzaci\u00f3 i altres formes de processament de dades personals facilitades pels Usuaris a la present web oa qualsevol dels entorns d&#8217;Internet de l&#8217;entitat. Els usuaris accepten la inclusi\u00f3 i el tractament de les dades que proporcionin en un tractament de dades de&#8230;<\/p>\n","protected":false},"author":1,"featured_media":0,"parent":0,"menu_order":0,"comment_status":"closed","ping_status":"closed","template":"","meta":{"_joinchat":[],"footnotes":""},"class_list":["post-1758","page","type-page","status-publish","hentry"],"yoast_head":"<!-- This site is optimized with the Yoast SEO plugin v25.0 - https:\/\/yoast.com\/wordpress\/plugins\/seo\/ -->\n<title>Pol\u00edtica de privacitat - Estetic Mon<\/title>\n<meta name=\"robots\" content=\"index, follow, max-snippet:-1, max-image-preview:large, max-video-preview:-1\" \/>\n<link rel=\"canonical\" href=\"https:\/\/esteticmon.es\/ca\/politica-de-privacitat\/\" \/>\n<meta property=\"og:locale\" content=\"ca_ES\" \/>\n<meta property=\"og:type\" content=\"article\" \/>\n<meta property=\"og:title\" content=\"Pol\u00edtica de privacitat - Estetic Mon\" \/>\n<meta property=\"og:description\" content=\"Pol\u00edtica de privadesa Aquesta Pol\u00edtica de privadesa de CRISTINA SERRANO ABAD regula l&#8217;obtenci\u00f3, utilitzaci\u00f3 i altres formes de processament de dades personals facilitades pels Usuaris a la present web oa qualsevol dels entorns d&#8217;Internet de l&#8217;entitat. Els usuaris accepten la inclusi\u00f3 i el tractament de les dades que proporcionin en un tractament de dades de...\" \/>\n<meta property=\"og:url\" content=\"https:\/\/esteticmon.es\/ca\/politica-de-privacitat\/\" \/>\n<meta property=\"og:site_name\" content=\"Estetic Mon\" \/>\n<meta property=\"article:modified_time\" content=\"2024-07-18T07:24:02+00:00\" \/>\n<meta name=\"twitter:card\" content=\"summary_large_image\" \/>\n<meta name=\"twitter:label1\" content=\"Temps estimat de lectura\" \/>\n\t<meta name=\"twitter:data1\" content=\"8 minuts\" \/>\n<script type=\"application\/ld+json\" class=\"yoast-schema-graph\">{\"@context\":\"https:\/\/schema.org\",\"@graph\":[{\"@type\":\"WebPage\",\"@id\":\"https:\/\/esteticmon.es\/ca\/politica-de-privacitat\/\",\"url\":\"https:\/\/esteticmon.es\/ca\/politica-de-privacitat\/\",\"name\":\"Pol\u00edtica de privacitat - Estetic Mon\",\"isPartOf\":{\"@id\":\"https:\/\/esteticmon.es\/#website\"},\"datePublished\":\"2021-08-03T07:11:25+00:00\",\"dateModified\":\"2024-07-18T07:24:02+00:00\",\"breadcrumb\":{\"@id\":\"https:\/\/esteticmon.es\/ca\/politica-de-privacitat\/#breadcrumb\"},\"inLanguage\":\"ca\",\"potentialAction\":[{\"@type\":\"ReadAction\",\"target\":[\"https:\/\/esteticmon.es\/ca\/politica-de-privacitat\/\"]}]},{\"@type\":\"BreadcrumbList\",\"@id\":\"https:\/\/esteticmon.es\/ca\/politica-de-privacitat\/#breadcrumb\",\"itemListElement\":[{\"@type\":\"ListItem\",\"position\":1,\"name\":\"Portada\",\"item\":\"https:\/\/esteticmon.es\/ca\/home-test\/\"},{\"@type\":\"ListItem\",\"position\":2,\"name\":\"Pol\u00edtica de privacitat\"}]},{\"@type\":\"WebSite\",\"@id\":\"https:\/\/esteticmon.es\/#website\",\"url\":\"https:\/\/esteticmon.es\/\",\"name\":\"Estetic Mon\",\"description\":\"Centro de medicina y est\u00e9tica\",\"publisher\":{\"@id\":\"https:\/\/esteticmon.es\/#organization\"},\"potentialAction\":[{\"@type\":\"SearchAction\",\"target\":{\"@type\":\"EntryPoint\",\"urlTemplate\":\"https:\/\/esteticmon.es\/?s={search_term_string}\"},\"query-input\":{\"@type\":\"PropertyValueSpecification\",\"valueRequired\":true,\"valueName\":\"search_term_string\"}}],\"inLanguage\":\"ca\"},{\"@type\":\"Organization\",\"@id\":\"https:\/\/esteticmon.es\/#organization\",\"name\":\"Estetic Mon\",\"url\":\"https:\/\/esteticmon.es\/\",\"logo\":{\"@type\":\"ImageObject\",\"inLanguage\":\"ca\",\"@id\":\"https:\/\/esteticmon.es\/#\/schema\/logo\/image\/\",\"url\":\"https:\/\/esteticmon.es\/wp-content\/uploads\/2024\/07\/estetic_mon_logo_rosa.png\",\"contentUrl\":\"https:\/\/esteticmon.es\/wp-content\/uploads\/2024\/07\/estetic_mon_logo_rosa.png\",\"width\":3001,\"height\":3001,\"caption\":\"Estetic Mon\"},\"image\":{\"@id\":\"https:\/\/esteticmon.es\/#\/schema\/logo\/image\/\"}}]}<\/script>\n<!-- \/ Yoast SEO plugin. -->","yoast_head_json":{"title":"Pol\u00edtica de privacitat - Estetic Mon","robots":{"index":"index","follow":"follow","max-snippet":"max-snippet:-1","max-image-preview":"max-image-preview:large","max-video-preview":"max-video-preview:-1"},"canonical":"https:\/\/esteticmon.es\/ca\/politica-de-privacitat\/","og_locale":"ca_ES","og_type":"article","og_title":"Pol\u00edtica de privacitat - Estetic Mon","og_description":"Pol\u00edtica de privadesa Aquesta Pol\u00edtica de privadesa de CRISTINA SERRANO ABAD regula l&#8217;obtenci\u00f3, utilitzaci\u00f3 i altres formes de processament de dades personals facilitades pels Usuaris a la present web oa qualsevol dels entorns d&#8217;Internet de l&#8217;entitat. Els usuaris accepten la inclusi\u00f3 i el tractament de les dades que proporcionin en un tractament de dades de...","og_url":"https:\/\/esteticmon.es\/ca\/politica-de-privacitat\/","og_site_name":"Estetic Mon","article_modified_time":"2024-07-18T07:24:02+00:00","twitter_card":"summary_large_image","twitter_misc":{"Temps estimat de lectura":"8 minuts"},"schema":{"@context":"https:\/\/schema.org","@graph":[{"@type":"WebPage","@id":"https:\/\/esteticmon.es\/ca\/politica-de-privacitat\/","url":"https:\/\/esteticmon.es\/ca\/politica-de-privacitat\/","name":"Pol\u00edtica de privacitat - Estetic Mon","isPartOf":{"@id":"https:\/\/esteticmon.es\/#website"},"datePublished":"2021-08-03T07:11:25+00:00","dateModified":"2024-07-18T07:24:02+00:00","breadcrumb":{"@id":"https:\/\/esteticmon.es\/ca\/politica-de-privacitat\/#breadcrumb"},"inLanguage":"ca","potentialAction":[{"@type":"ReadAction","target":["https:\/\/esteticmon.es\/ca\/politica-de-privacitat\/"]}]},{"@type":"BreadcrumbList","@id":"https:\/\/esteticmon.es\/ca\/politica-de-privacitat\/#breadcrumb","itemListElement":[{"@type":"ListItem","position":1,"name":"Portada","item":"https:\/\/esteticmon.es\/ca\/home-test\/"},{"@type":"ListItem","position":2,"name":"Pol\u00edtica de privacitat"}]},{"@type":"WebSite","@id":"https:\/\/esteticmon.es\/#website","url":"https:\/\/esteticmon.es\/","name":"Estetic Mon","description":"Centro de medicina y est\u00e9tica","publisher":{"@id":"https:\/\/esteticmon.es\/#organization"},"potentialAction":[{"@type":"SearchAction","target":{"@type":"EntryPoint","urlTemplate":"https:\/\/esteticmon.es\/?s={search_term_string}"},"query-input":{"@type":"PropertyValueSpecification","valueRequired":true,"valueName":"search_term_string"}}],"inLanguage":"ca"},{"@type":"Organization","@id":"https:\/\/esteticmon.es\/#organization","name":"Estetic Mon","url":"https:\/\/esteticmon.es\/","logo":{"@type":"ImageObject","inLanguage":"ca","@id":"https:\/\/esteticmon.es\/#\/schema\/logo\/image\/","url":"https:\/\/esteticmon.es\/wp-content\/uploads\/2024\/07\/estetic_mon_logo_rosa.png","contentUrl":"https:\/\/esteticmon.es\/wp-content\/uploads\/2024\/07\/estetic_mon_logo_rosa.png","width":3001,"height":3001,"caption":"Estetic Mon"},"image":{"@id":"https:\/\/esteticmon.es\/#\/schema\/logo\/image\/"}}]}},"_links":{"self":[{"href":"https:\/\/esteticmon.es\/ca\/wp-json\/wp\/v2\/pages\/1758","targetHints":{"allow":["GET"]}}],"collection":[{"href":"https:\/\/esteticmon.es\/ca\/wp-json\/wp\/v2\/pages"}],"about":[{"href":"https:\/\/esteticmon.es\/ca\/wp-json\/wp\/v2\/types\/page"}],"author":[{"embeddable":true,"href":"https:\/\/esteticmon.es\/ca\/wp-json\/wp\/v2\/users\/1"}],"replies":[{"embeddable":true,"href":"https:\/\/esteticmon.es\/ca\/wp-json\/wp\/v2\/comments?post=1758"}],"version-history":[{"count":1,"href":"https:\/\/esteticmon.es\/ca\/wp-json\/wp\/v2\/pages\/1758\/revisions"}],"predecessor-version":[{"id":1813,"href":"https:\/\/esteticmon.es\/ca\/wp-json\/wp\/v2\/pages\/1758\/revisions\/1813"}],"wp:attachment":[{"href":"https:\/\/esteticmon.es\/ca\/wp-json\/wp\/v2\/media?parent=1758"}],"curies":[{"name":"wp","href":"https:\/\/api.w.org\/{rel}","templated":true}]}}